{"id":3113,"date":"2025-07-07T13:33:43","date_gmt":"2025-07-07T13:33:43","guid":{"rendered":"https:\/\/panilino.md\/?page_id=3113"},"modified":"2026-01-27T13:59:34","modified_gmt":"2026-01-27T13:59:34","slug":"about-us","status":"publish","type":"page","link":"https:\/\/panilino.md\/ro\/about-us\/","title":{"rendered":"Despre noi"},"content":{"rendered":"<div data-elementor-type=\"wp-page\" data-elementor-id=\"3113\" class=\"elementor elementor-3113\">\n\t\t\t\t\t\t<section class=\"elementor-section elementor-top-section elementor-element elementor-element-d439b09 elementor-section-boxed elementor-section-height-default elementor-section-height-default\" data-id=\"d439b09\" data-element_type=\"section\">\n\t\t\t\t\t\t<div class=\"elementor-container elementor-column-gap-default\">\n\t\t\t\t\t<div class=\"elementor-column elementor-col-100 elementor-top-column elementor-element elementor-element-1f43783\" data-id=\"1f43783\" data-element_type=\"column\">\n\t\t\t<div class=\"elementor-widget-wrap elementor-element-populated\">\n\t\t\t\t\t\t<div class=\"elementor-element elementor-element-b3f0daf elementor-widget elementor-widget-spacer\" data-id=\"b3f0daf\" data-element_type=\"widget\" data-widget_type=\"spacer.default\">\n\t\t\t\t<div class=\"elementor-widget-container\">\n\t\t\t\t\t<div class=\"elementor-spacer\">\n\t\t\t<div class=\"elementor-spacer-inner\"><\/div>\n\t\t<\/div>\n\t\t\t\t<\/div>\n\t\t\t\t<\/div>\n\t\t\t\t<div class=\"elementor-element elementor-element-6b255af acenter elementor-widget__width-initial divider-yes elementor-widget elementor-widget-wgl-double-heading\" data-id=\"6b255af\" data-element_type=\"widget\" data-widget_type=\"wgl-double-heading.default\">\n\t\t\t\t<div class=\"elementor-widget-container\">\n\t\t\t<div class=\"wgl-double-heading\"><div class=\"dblh__subtitle\">din inima fabricii<\/div><h3 class=\"dblh__title-wrapper\"><span class=\"dblh__title dblh__title-1\">Noi coacem emo\u021bii \u0219i d\u0103m gust clipelor simple<\/span><\/h3><\/div>\t\t<\/div>\n\t\t\t\t<\/div>\n\t\t\t\t<div class=\"elementor-element elementor-element-14a600d elementor-widget elementor-widget-spacer\" data-id=\"14a600d\" data-element_type=\"widget\" data-widget_type=\"spacer.default\">\n\t\t\t\t<div class=\"elementor-widget-container\">\n\t\t\t\t\t<div class=\"elementor-spacer\">\n\t\t\t<div class=\"elementor-spacer-inner\"><\/div>\n\t\t<\/div>\n\t\t\t\t<\/div>\n\t\t\t\t<\/div>\n\t\t\t\t\t<\/div>\n\t\t<\/div>\n\t\t\t\t\t<\/div>\n\t\t<\/section>\n\t\t\t\t<section class=\"elementor-section elementor-top-section elementor-element elementor-element-b6c7527 elementor-section-boxed elementor-section-height-default elementor-section-height-default\" data-id=\"b6c7527\" data-element_type=\"section\">\n\t\t\t\t\t\t<div class=\"elementor-container elementor-column-gap-default\">\n\t\t\t\t\t<div class=\"elementor-column elementor-col-50 elementor-top-column elementor-element elementor-element-a274311\" data-id=\"a274311\" data-element_type=\"column\">\n\t\t\t<div class=\"elementor-widget-wrap elementor-element-populated\">\n\t\t\t\t\t\t<div class=\"elementor-element elementor-element-8ba0230 elementor-widget elementor-widget-text-editor\" data-id=\"8ba0230\" data-element_type=\"widget\" data-widget_type=\"text-editor.default\">\n\t\t\t\t<div class=\"elementor-widget-container\">\n\t\t\t\t\t\t\tFiecare produs Panilino \u00eencepe cu un ingredient de baz\u0103: calitatea. Alegem cu grij\u0103 fiecare component\u0103, de la f\u0103in\u0103 p\u00e2n\u0103 la cele mai fine umpluturi, pentru c\u0103 \u0219tim c\u0103 gustul des\u0103v\u00e2r\u0219it nu se ob\u021bine dec\u00e2t cu materii prime excelente. Nu facem compromisuri \u2014 tot ce iese din m\u00e2inile noastre trebuie s\u0103 fie proasp\u0103t, curat \u0219i exact a\u0219a cum l-am oferi propriilor noastre familii.\t\t\t\t\t\t<\/div>\n\t\t\t\t<\/div>\n\t\t\t\t\t<\/div>\n\t\t<\/div>\n\t\t\t\t<div class=\"elementor-column elementor-col-50 elementor-top-column elementor-element elementor-element-17e207a\" data-id=\"17e207a\" data-element_type=\"column\">\n\t\t\t<div class=\"elementor-widget-wrap elementor-element-populated\">\n\t\t\t\t\t\t<div class=\"elementor-element elementor-element-77f6153 elementor-widget elementor-widget-text-editor\" data-id=\"77f6153\" data-element_type=\"widget\" data-widget_type=\"text-editor.default\">\n\t\t\t\t<div class=\"elementor-widget-container\">\n\t\t\t\t\t\t\tNe inspir\u0103m din bucuriile simple ale vie\u021bii \u0219i le transform\u0103m \u00een momente delicioase, coapte cu grij\u0103 \u0219i dedicare. Pentru noi, nu e doar despre a face produse de patiserie, ci despre a crea o experien\u021b\u0103 \u00een care calitatea se simte din prima mu\u0219c\u0103tur\u0103. La Panilino, fiecare detaliu conteaz\u0103, pentru c\u0103 \u0219tim c\u0103 lucrurile f\u0103cute cu responsabilitate \u0219i pasiune r\u0103m\u00e2n mereu \u00een amintire.\t\t\t\t\t\t<\/div>\n\t\t\t\t<\/div>\n\t\t\t\t\t<\/div>\n\t\t<\/div>\n\t\t\t\t\t<\/div>\n\t\t<\/section>\n\t\t\t\t<section class=\"elementor-section elementor-top-section elementor-element elementor-element-4e7d149 elementor-section-boxed elementor-section-height-default elementor-section-height-default\" data-id=\"4e7d149\" data-element_type=\"section\">\n\t\t\t\t\t\t<div class=\"elementor-container elementor-column-gap-default\">\n\t\t\t\t\t<div class=\"elementor-column elementor-col-100 elementor-top-column elementor-element elementor-element-7011d05\" data-id=\"7011d05\" data-element_type=\"column\">\n\t\t\t<div class=\"elementor-widget-wrap elementor-element-populated\">\n\t\t\t\t\t\t<div class=\"elementor-element elementor-element-5c8fa0e elementor-widget elementor-widget-spacer\" data-id=\"5c8fa0e\" data-element_type=\"widget\" data-widget_type=\"spacer.default\">\n\t\t\t\t<div class=\"elementor-widget-container\">\n\t\t\t\t\t<div class=\"elementor-spacer\">\n\t\t\t<div class=\"elementor-spacer-inner\"><\/div>\n\t\t<\/div>\n\t\t\t\t<\/div>\n\t\t\t\t<\/div>\n\t\t\t\t<div class=\"elementor-element elementor-element-5b990b2 acenter elementor-widget elementor-widget-wgl-double-heading\" data-id=\"5b990b2\" data-element_type=\"widget\" data-widget_type=\"wgl-double-heading.default\">\n\t\t\t\t<div class=\"elementor-widget-container\">\n\t\t\t<div class=\"wgl-double-heading\"><div class=\"dblh__title-wrapper\"><span class=\"dblh__title dblh__title-1\">Sergiu Guzun<\/span><span class=\"dblh__title dblh__title-2\">DIRECTOR GENERAL<\/span><\/div><\/div>\t\t<\/div>\n\t\t\t\t<\/div>\n\t\t\t\t\t<\/div>\n\t\t<\/div>\n\t\t\t\t\t<\/div>\n\t\t<\/section>\n\t\t\t\t<section class=\"elementor-section elementor-top-section elementor-element elementor-element-b73c1f8 elementor-section-boxed elementor-section-height-default elementor-section-height-default\" data-id=\"b73c1f8\" data-element_type=\"section\">\n\t\t\t\t\t\t<div class=\"elementor-container elementor-column-gap-default\">\n\t\t\t\t\t<div class=\"elementor-column elementor-col-100 elementor-top-column elementor-element elementor-element-38e9a81\" data-id=\"38e9a81\" data-element_type=\"column\">\n\t\t\t<div class=\"elementor-widget-wrap elementor-element-populated\">\n\t\t\t\t\t\t<div class=\"elementor-element elementor-element-ee5868c elementor-widget elementor-widget-spacer\" data-id=\"ee5868c\" data-element_type=\"widget\" data-widget_type=\"spacer.default\">\n\t\t\t\t<div class=\"elementor-widget-container\">\n\t\t\t\t\t<div class=\"elementor-spacer\">\n\t\t\t<div class=\"elementor-spacer-inner\"><\/div>\n\t\t<\/div>\n\t\t\t\t<\/div>\n\t\t\t\t<\/div>\n\t\t\t\t<div class=\"elementor-element elementor-element-94d7348 elementor-widget elementor-widget-image\" data-id=\"94d7348\" data-element_type=\"widget\" data-widget_type=\"image.default\">\n\t\t\t\t<div class=\"elementor-widget-container\">\n\t\t\t\t\t\t\t\t\t\t\t\t\t<img fetchpriority=\"high\" decoding=\"async\" width=\"1176\" height=\"323\" src=\"https:\/\/panilino.md\/wp-content\/uploads\/2025\/06\/about-imgs.png\" class=\"attachment-full size-full wp-image-2975\" alt=\"\" srcset=\"https:\/\/panilino.md\/wp-content\/uploads\/2025\/06\/about-imgs.png 1176w, https:\/\/panilino.md\/wp-content\/uploads\/2025\/06\/about-imgs-300x82.png 300w, https:\/\/panilino.md\/wp-content\/uploads\/2025\/06\/about-imgs-1024x281.png 1024w, https:\/\/panilino.md\/wp-content\/uploads\/2025\/06\/about-imgs-768x211.png 768w, https:\/\/panilino.md\/wp-content\/uploads\/2025\/06\/about-imgs-18x5.png 18w, https:\/\/panilino.md\/wp-content\/uploads\/2025\/06\/about-imgs-1080x297.png 1080w\" sizes=\"(max-width: 1176px) 100vw, 1176px\" \/>\t\t\t\t\t\t\t\t\t\t\t\t\t<\/div>\n\t\t\t\t<\/div>\n\t\t\t\t\t<\/div>\n\t\t<\/div>\n\t\t\t\t\t<\/div>\n\t\t<\/section>\n\t\t\t\t<section class=\"elementor-section elementor-top-section elementor-element elementor-element-fc12d14 elementor-section-boxed elementor-section-height-default elementor-section-height-default\" data-id=\"fc12d14\" data-element_type=\"section\">\n\t\t\t\t\t\t<div class=\"elementor-container elementor-column-gap-wide\">\n\t\t\t\t\t<div class=\"elementor-column elementor-col-25 elementor-top-column elementor-element elementor-element-63b3fca\" data-id=\"63b3fca\" data-element_type=\"column\">\n\t\t\t<div class=\"elementor-widget-wrap elementor-element-populated\">\n\t\t\t\t\t\t<div class=\"elementor-element elementor-element-b4f8e85 acenter height_full toggling_content elementor-widget elementor-widget-wgl-service-1\" data-id=\"b4f8e85\" data-element_type=\"widget\" data-widget_type=\"wgl-service-1.default\">\n\t\t\t\t<div class=\"elementor-widget-container\">\n\t\t\t        <a class=\"wgl-service_link\" href=\"\/ro\/categorie-produs\/cakes\/\"><\/a>        <div class=\"wgl-service-1  breakpoint_on-tablet breakpoint_on-mobile\"><h3 class=\"wgl-service_title\"><span class=\"service_title\">Torte la comand\u0103<\/span><\/h3><div class=\"wgl-service_wrapper_description\"><div class=\"wgl-service_button-wrapper\"><div  class=\"align-icon-right wgl-service_button\"><i class=\"read-more-icon flaticon flaticon-right-arrow\" aria-hidden=\"true\"><\/i><\/div><\/div><\/div>        <\/div>\t\t<\/div>\n\t\t\t\t<\/div>\n\t\t\t\t<div class=\"elementor-element elementor-element-4c0b4a4 acenter height_full toggling_content elementor-widget elementor-widget-wgl-service-1\" data-id=\"4c0b4a4\" data-element_type=\"widget\" data-widget_type=\"wgl-service-1.default\">\n\t\t\t\t<div class=\"elementor-widget-container\">\n\t\t\t<style>.elementor-element-4c0b4a4{display:none !important}<\/style>\t\t<\/div>\n\t\t\t\t<\/div>\n\t\t\t\t\t<\/div>\n\t\t<\/div>\n\t\t\t\t<div class=\"elementor-column elementor-col-25 elementor-top-column elementor-element elementor-element-a24fcae elementor-hidden-desktop elementor-hidden-tablet elementor-hidden-mobile\" data-id=\"a24fcae\" data-element_type=\"column\">\n\t\t\t<div class=\"elementor-widget-wrap elementor-element-populated\">\n\t\t\t\t\t\t<div class=\"elementor-element elementor-element-5f9f9c9 acenter height_full toggling_content elementor-widget elementor-widget-wgl-service-1\" data-id=\"5f9f9c9\" data-element_type=\"widget\" data-widget_type=\"wgl-service-1.default\">\n\t\t\t\t<div class=\"elementor-widget-container\">\n\t\t\t        <a class=\"wgl-service_link\" href=\"#\"><\/a>        <div class=\"wgl-service-1  breakpoint_on-tablet breakpoint_on-mobile\"><h3 class=\"wgl-service_title\"><span class=\"service_title\">Fursecuri<\/span><\/h3><div class=\"wgl-service_wrapper_description\"><div class=\"wgl-service_button-wrapper\"><div  class=\"align-icon-right wgl-service_button\"><i class=\"read-more-icon flaticon flaticon-right-arrow\" aria-hidden=\"true\"><\/i><\/div><\/div><\/div>        <\/div>\t\t<\/div>\n\t\t\t\t<\/div>\n\t\t\t\t\t<\/div>\n\t\t<\/div>\n\t\t\t\t<div class=\"elementor-column elementor-col-25 elementor-top-column elementor-element elementor-element-e34a3a3\" data-id=\"e34a3a3\" data-element_type=\"column\">\n\t\t\t<div class=\"elementor-widget-wrap elementor-element-populated\">\n\t\t\t\t\t\t<div class=\"elementor-element elementor-element-3b6d670 acenter height_full toggling_content elementor-widget elementor-widget-wgl-service-1\" data-id=\"3b6d670\" data-element_type=\"widget\" data-widget_type=\"wgl-service-1.default\">\n\t\t\t\t<div class=\"elementor-widget-container\">\n\t\t\t        <a class=\"wgl-service_link\" href=\"#\"><\/a>        <div class=\"wgl-service-1  breakpoint_on-tablet breakpoint_on-mobile\"><h3 class=\"wgl-service_title\"><span class=\"service_title\">Torte<\/span><\/h3><div class=\"wgl-service_wrapper_description\"><div class=\"wgl-service_button-wrapper\"><div  class=\"align-icon-right wgl-service_button\"><i class=\"read-more-icon flaticon flaticon-right-arrow\" aria-hidden=\"true\"><\/i><\/div><\/div><\/div>        <\/div>\t\t<\/div>\n\t\t\t\t<\/div>\n\t\t\t\t<div class=\"elementor-element elementor-element-d057f49 acenter height_full toggling_content elementor-widget elementor-widget-wgl-service-1\" data-id=\"d057f49\" data-element_type=\"widget\" data-widget_type=\"wgl-service-1.default\">\n\t\t\t\t<div class=\"elementor-widget-container\">\n\t\t\t<style>.elementor-element-d057f49{display:none !important}<\/style>\t\t<\/div>\n\t\t\t\t<\/div>\n\t\t\t\t\t<\/div>\n\t\t<\/div>\n\t\t\t\t<div class=\"elementor-column elementor-col-25 elementor-top-column elementor-element elementor-element-7bdb5b4 elementor-hidden-desktop elementor-hidden-tablet elementor-hidden-mobile\" data-id=\"7bdb5b4\" data-element_type=\"column\">\n\t\t\t<div class=\"elementor-widget-wrap elementor-element-populated\">\n\t\t\t\t\t\t<div class=\"elementor-element elementor-element-913401a acenter height_full toggling_content elementor-widget elementor-widget-wgl-service-1\" data-id=\"913401a\" data-element_type=\"widget\" data-widget_type=\"wgl-service-1.default\">\n\t\t\t\t<div class=\"elementor-widget-container\">\n\t\t\t        <a class=\"wgl-service_link\" href=\"#\"><\/a>        <div class=\"wgl-service-1  breakpoint_on-tablet breakpoint_on-mobile\"><h3 class=\"wgl-service_title\"><span class=\"service_title\">Pl\u0103cinte<\/span><\/h3><div class=\"wgl-service_wrapper_description\"><div class=\"wgl-service_button-wrapper\"><div  class=\"align-icon-right wgl-service_button\"><i class=\"read-more-icon flaticon flaticon-right-arrow\" aria-hidden=\"true\"><\/i><\/div><\/div><\/div>        <\/div>\t\t<\/div>\n\t\t\t\t<\/div>\n\t\t\t\t\t<\/div>\n\t\t<\/div>\n\t\t\t\t\t<\/div>\n\t\t<\/section>\n\t\t\t\t<section class=\"elementor-section elementor-top-section elementor-element elementor-element-6dc24c4 elementor-section-boxed elementor-section-height-default elementor-section-height-default\" data-id=\"6dc24c4\" data-element_type=\"section\">\n\t\t\t\t\t\t<div class=\"elementor-container elementor-column-gap-default\">\n\t\t\t\t\t<div class=\"elementor-column elementor-col-100 elementor-top-column elementor-element elementor-element-c4e5ff0\" data-id=\"c4e5ff0\" data-element_type=\"column\">\n\t\t\t<div class=\"elementor-widget-wrap elementor-element-populated\">\n\t\t\t\t\t\t<div class=\"elementor-element elementor-element-c98a97d elementor-widget elementor-widget-spacer\" data-id=\"c98a97d\" data-element_type=\"widget\" data-widget_type=\"spacer.default\">\n\t\t\t\t<div class=\"elementor-widget-container\">\n\t\t\t\t\t<div class=\"elementor-spacer\">\n\t\t\t<div class=\"elementor-spacer-inner\"><\/div>\n\t\t<\/div>\n\t\t\t\t<\/div>\n\t\t\t\t<\/div>\n\t\t\t\t\t<\/div>\n\t\t<\/div>\n\t\t\t\t\t<\/div>\n\t\t<\/section>\n\t\t\t\t<section class=\"elementor-section elementor-top-section elementor-element elementor-element-281fe63 elementor-section-content-middle elementor-section-boxed elementor-section-height-default elementor-section-height-default\" data-id=\"281fe63\" data-element_type=\"section\">\n\t\t\t\t\t\t<div class=\"elementor-container elementor-column-gap-default\">\n\t\t\t\t\t<div class=\"elementor-column elementor-col-50 elementor-top-column elementor-element elementor-element-c221fa2\" data-id=\"c221fa2\" data-element_type=\"column\">\n\t\t\t<div class=\"elementor-widget-wrap elementor-element-populated\">\n\t\t\t\t\t\t<div class=\"elementor-element elementor-element-6a11ddc elementor-widget__width-auto elementor-absolute elementor-hidden-mobile elementor-widget elementor-widget-text-path\" data-id=\"6a11ddc\" data-element_type=\"widget\" data-settings=\"{&quot;text&quot;:&quot;23 de ani \\u00een domeniul patiseriei \\u0219i panifica\\u021biei&quot;,&quot;_position&quot;:&quot;absolute&quot;,&quot;link&quot;:{&quot;url&quot;:&quot;&quot;,&quot;is_external&quot;:&quot;&quot;,&quot;nofollow&quot;:&quot;&quot;,&quot;custom_attributes&quot;:&quot;&quot;},&quot;start_point&quot;:{&quot;unit&quot;:&quot;%&quot;,&quot;size&quot;:0,&quot;sizes&quot;:[]}}\" data-widget_type=\"text-path.default\">\n\t\t\t\t<div class=\"elementor-widget-container\">\n\t\t\t\t\t<div class=\"e-text-path\" data-text=\"23 de ani &icirc;n domeniul patiseriei \u0219i panifica\u021biei\" data-url=\"\/\/panilino.md\/wp-content\/plugins\/elementor\/assets\/svg-paths\/circle.svg\" data-link-url=\"\"><\/div>\n\t\t\t\t<\/div>\n\t\t\t\t<\/div>\n\t\t\t\t<div class=\"elementor-element elementor-element-ea7282c elementor-widget__width-auto elementor-absolute elementor-hidden-mobile elementor-widget elementor-widget-text-path\" data-id=\"ea7282c\" data-element_type=\"widget\" data-settings=\"{&quot;text&quot;:&quot;23 years in the field of pastry and bakery&quot;,&quot;_position&quot;:&quot;absolute&quot;,&quot;link&quot;:{&quot;url&quot;:&quot;&quot;,&quot;is_external&quot;:&quot;&quot;,&quot;nofollow&quot;:&quot;&quot;,&quot;custom_attributes&quot;:&quot;&quot;},&quot;start_point&quot;:{&quot;unit&quot;:&quot;%&quot;,&quot;size&quot;:0,&quot;sizes&quot;:[]}}\" data-widget_type=\"text-path.default\">\n\t\t\t\t<div class=\"elementor-widget-container\">\n\t\t\t<style>.elementor-element-ea7282c{display:none !important}<\/style>\t\t<\/div>\n\t\t\t\t<\/div>\n\t\t\t\t<div class=\"elementor-element elementor-element-6ff5a41 elementor-widget__width-initial elementor-widget elementor-widget-image\" data-id=\"6ff5a41\" data-element_type=\"widget\" data-widget_type=\"image.default\">\n\t\t\t\t<div class=\"elementor-widget-container\">\n\t\t\t\t\t\t\t\t\t\t\t\t\t<img decoding=\"async\" width=\"400\" height=\"584\" src=\"https:\/\/panilino.md\/wp-content\/uploads\/2025\/06\/about-1-1.png\" class=\"attachment-full size-full wp-image-2954\" alt=\"\" srcset=\"https:\/\/panilino.md\/wp-content\/uploads\/2025\/06\/about-1-1.png 400w, https:\/\/panilino.md\/wp-content\/uploads\/2025\/06\/about-1-1-205x300.png 205w, https:\/\/panilino.md\/wp-content\/uploads\/2025\/06\/about-1-1-8x12.png 8w\" sizes=\"(max-width: 400px) 100vw, 400px\" \/>\t\t\t\t\t\t\t\t\t\t\t\t\t<\/div>\n\t\t\t\t<\/div>\n\t\t\t\t<div class=\"elementor-element elementor-element-2d089f4 elementor-widget__width-initial elementor-widget elementor-widget-image\" data-id=\"2d089f4\" data-element_type=\"widget\" data-widget_type=\"image.default\">\n\t\t\t\t<div class=\"elementor-widget-container\">\n\t\t\t\t\t\t\t\t\t\t\t\t\t<img decoding=\"async\" width=\"400\" height=\"584\" src=\"https:\/\/panilino.md\/wp-content\/uploads\/2025\/06\/about-2-1.png\" class=\"attachment-full size-full wp-image-2955\" alt=\"\" srcset=\"https:\/\/panilino.md\/wp-content\/uploads\/2025\/06\/about-2-1.png 400w, https:\/\/panilino.md\/wp-content\/uploads\/2025\/06\/about-2-1-205x300.png 205w, https:\/\/panilino.md\/wp-content\/uploads\/2025\/06\/about-2-1-8x12.png 8w\" sizes=\"(max-width: 400px) 100vw, 400px\" \/>\t\t\t\t\t\t\t\t\t\t\t\t\t<\/div>\n\t\t\t\t<\/div>\n\t\t\t\t\t<\/div>\n\t\t<\/div>\n\t\t\t\t<div class=\"elementor-column elementor-col-50 elementor-top-column elementor-element elementor-element-c3b92a8\" data-id=\"c3b92a8\" data-element_type=\"column\">\n\t\t\t<div class=\"elementor-widget-wrap elementor-element-populated\">\n\t\t\t\t\t\t<div class=\"elementor-element elementor-element-8260346 elementor-widget elementor-widget-spacer\" data-id=\"8260346\" data-element_type=\"widget\" data-widget_type=\"spacer.default\">\n\t\t\t\t<div class=\"elementor-widget-container\">\n\t\t\t\t\t<div class=\"elementor-spacer\">\n\t\t\t<div class=\"elementor-spacer-inner\"><\/div>\n\t\t<\/div>\n\t\t\t\t<\/div>\n\t\t\t\t<\/div>\n\t\t\t\t<div class=\"elementor-element elementor-element-8e6404f elementor-widget__width-initial divider-yes aleft elementor-widget elementor-widget-wgl-double-heading\" data-id=\"8e6404f\" data-element_type=\"widget\" data-widget_type=\"wgl-double-heading.default\">\n\t\t\t\t<div class=\"elementor-widget-container\">\n\t\t\t<div class=\"wgl-double-heading\"><div class=\"dblh__subtitle\">istoria companiei<\/div><h3 class=\"dblh__title-wrapper\"><span class=\"dblh__title dblh__title-1\">Cu o experien\u021b\u0103 de 23 de ani \u00een domeniul patiseriei<\/span><\/h3><div class=\"dblh__content\">\u00cen anul 2003, Guzun Tatiana \u00eempreun\u0103 cu feciorii s\u0103i a fondat compania Panilino SRL. Compania a devenit un brand cunoscut \u00een Republica Moldova \u015fi Rom\u00e2nia, datorit\u0103 produselor de calitate, deservirii \u00eenalte \u015fi a unei rela\u0163ii frumoase cu clien\u0163ii s\u0103i.<\/div><\/div>\t\t<\/div>\n\t\t\t\t<\/div>\n\t\t\t\t<div class=\"elementor-element elementor-element-66c9d8e elementor-widget__width-initial aleft elementor-widget elementor-widget-wgl-counter\" data-id=\"66c9d8e\" data-element_type=\"widget\" data-widget_type=\"wgl-counter.default\">\n\t\t\t\t<div class=\"elementor-widget-container\">\n\t\t\t<div class=\"wgl-counter title-block\"><div class=\"wgl-counter_wrap\"><div class=\"content-wrap\"><div class=\"wgl-counter_value-wrap\"><div class=\"wgl-counter__placeholder-wrap\"><span class=\"wgl-counter__placeholder\">23<\/span><span class=\"wgl-counter__value\" data-start-value=\"0\" data-end-value=\"23\" data-speed=\"1200\" data-sep=\"\">0<\/span><\/div><span class=\"wgl-counter__suffix\">+<\/span><\/div><h3 class=\"wgl-counter_title\">ani de experien\u021b\u0103<\/h3><\/div><\/div><\/div>\t\t<\/div>\n\t\t\t\t<\/div>\n\t\t\t\t<div class=\"elementor-element elementor-element-3a681e5 elementor-widget__width-initial elementor-widget elementor-widget-spacer\" data-id=\"3a681e5\" data-element_type=\"widget\" data-widget_type=\"spacer.default\">\n\t\t\t\t<div class=\"elementor-widget-container\">\n\t\t\t\t\t<div class=\"elementor-spacer\">\n\t\t\t<div class=\"elementor-spacer-inner\"><\/div>\n\t\t<\/div>\n\t\t\t\t<\/div>\n\t\t\t\t<\/div>\n\t\t\t\t<div class=\"elementor-element elementor-element-daa23b9 elementor-widget__width-initial aleft elementor-widget elementor-widget-wgl-counter\" data-id=\"daa23b9\" data-element_type=\"widget\" data-widget_type=\"wgl-counter.default\">\n\t\t\t\t<div class=\"elementor-widget-container\">\n\t\t\t<div class=\"wgl-counter title-block\"><div class=\"wgl-counter_wrap\"><div class=\"content-wrap\"><div class=\"wgl-counter_value-wrap\"><div class=\"wgl-counter__placeholder-wrap\"><span class=\"wgl-counter__placeholder\">250<\/span><span class=\"wgl-counter__value\" data-start-value=\"0\" data-end-value=\"250\" data-speed=\"1200\" data-sep=\"\">0<\/span><\/div><span class=\"wgl-counter__suffix\">+<\/span><\/div><h3 class=\"wgl-counter_title\">angaja\u021bi<\/h3><\/div><\/div><\/div>\t\t<\/div>\n\t\t\t\t<\/div>\n\t\t\t\t<div class=\"elementor-element elementor-element-741bc73 elementor-widget elementor-widget-spacer\" data-id=\"741bc73\" data-element_type=\"widget\" data-widget_type=\"spacer.default\">\n\t\t\t\t<div class=\"elementor-widget-container\">\n\t\t\t\t\t<div class=\"elementor-spacer\">\n\t\t\t<div class=\"elementor-spacer-inner\"><\/div>\n\t\t<\/div>\n\t\t\t\t<\/div>\n\t\t\t\t<\/div>\n\t\t\t\t\t<\/div>\n\t\t<\/div>\n\t\t\t\t\t<\/div>\n\t\t<\/section>\n\t\t\t\t<section class=\"elementor-section elementor-top-section elementor-element elementor-element-b2c9cb0 elementor-section-boxed elementor-section-height-default elementor-section-height-default\" data-id=\"b2c9cb0\" data-element_type=\"section\" data-settings=\"{&quot;background_background&quot;:&quot;classic&quot;}\">\n\t\t\t\t\t\t<div class=\"elementor-container elementor-column-gap-default\">\n\t\t\t\t\t<div class=\"elementor-column elementor-col-100 elementor-top-column elementor-element elementor-element-2caf2b0\" data-id=\"2caf2b0\" data-element_type=\"column\">\n\t\t\t<div class=\"elementor-widget-wrap elementor-element-populated\">\n\t\t\t\t\t\t<div class=\"elementor-element elementor-element-880d5ae elementor-widget__width-initial divider-yes aleft elementor-widget elementor-widget-wgl-double-heading\" data-id=\"880d5ae\" data-element_type=\"widget\" data-widget_type=\"wgl-double-heading.default\">\n\t\t\t\t<div class=\"elementor-widget-container\">\n\t\t\t<div class=\"wgl-double-heading\"><div class=\"dblh__subtitle\">Harta de influen\u021b\u0103<\/div><h3 class=\"dblh__title-wrapper\"><span class=\"dblh__title dblh__title-1\">Produsele Panilino - pe mesele din \u00eentreaga lume!<\/span><\/h3><div class=\"dblh__content\">Distribu\u021bia este asigurat\u0103 prin depozitele proprii din Republica Moldova \u0219i Rom\u00e2nia, iar datorit\u0103 partenerilor no\u0219tri locali, brandul Panilino este prezent \u00een casele clien\u021bilor din Italia, Germania, SUA, Canada, Lituania, Fran\u021ba, Spania, Marea Britanie, Finlanda, Polonia \u0219i Irlanda.<\/div><\/div>\t\t<\/div>\n\t\t\t\t<\/div>\n\t\t\t\t\t<\/div>\n\t\t<\/div>\n\t\t\t\t\t<\/div>\n\t\t<\/section>\n\t\t\t\t<\/div>","protected":false},"excerpt":{"rendered":"<p>from the heart of the factory We nurture emotions and give flavor to simple moments Every Panilino product starts with one basic ingredient: quality. We carefully select each component, from flour to the finest fillings, because we know that perfect taste can only be achieved with excellent raw materials. We make no compromises \u2014 everything [&hellip;]<\/p>","protected":false},"author":1,"featured_media":0,"parent":0,"menu_order":0,"comment_status":"closed","ping_status":"closed","template":"","meta":{"footnotes":""},"class_list":["post-3113","page","type-page","status-publish","hentry"],"_links":{"self":[{"href":"https:\/\/panilino.md\/ro\/wp-json\/wp\/v2\/pages\/3113","targetHints":{"allow":["GET"]}}],"collection":[{"href":"https:\/\/panilino.md\/ro\/wp-json\/wp\/v2\/pages"}],"about":[{"href":"https:\/\/panilino.md\/ro\/wp-json\/wp\/v2\/types\/page"}],"author":[{"embeddable":true,"href":"https:\/\/panilino.md\/ro\/wp-json\/wp\/v2\/users\/1"}],"replies":[{"embeddable":true,"href":"https:\/\/panilino.md\/ro\/wp-json\/wp\/v2\/comments?post=3113"}],"version-history":[{"count":107,"href":"https:\/\/panilino.md\/ro\/wp-json\/wp\/v2\/pages\/3113\/revisions"}],"predecessor-version":[{"id":4435,"href":"https:\/\/panilino.md\/ro\/wp-json\/wp\/v2\/pages\/3113\/revisions\/4435"}],"wp:attachment":[{"href":"https:\/\/panilino.md\/ro\/wp-json\/wp\/v2\/media?parent=3113"}],"curies":[{"name":"wp","href":"https:\/\/api.w.org\/{rel}","templated":true}]}}