{"id":3457,"date":"2025-09-27T03:04:45","date_gmt":"2025-09-27T03:04:45","guid":{"rendered":"https:\/\/panilino.md\/product\/tradiional-cu-nuci-cake\/"},"modified":"2025-09-27T05:11:02","modified_gmt":"2025-09-27T05:11:02","slug":"tradiional-cu-nuci-cake","status":"publish","type":"product","link":"https:\/\/panilino.md\/ro\/produs\/tradiional-cu-nuci-cake\/","title":{"rendered":"Tort \u201eTradi\u0163ional cu nuci\u201d 1 kg"},"content":{"rendered":"","protected":false},"excerpt":{"rendered":"<p>Foi cu miere, crem\u0103 de fri\u015fc\u0103, sm\u00e2nt\u00e2n\u0103 \u015fi vi\u015fin\u0103.<\/p>","protected":false},"featured_media":3779,"comment_status":"closed","ping_status":"closed","template":"","meta":[],"product_brand":[],"product_cat":[15],"product_tag":[],"class_list":{"0":"post-3457","1":"product","2":"type-product","3":"status-publish","4":"has-post-thumbnail","6":"product_cat-cakes","8":"first","9":"instock","10":"shipping-taxable","11":"product-type-simple"},"_links":{"self":[{"href":"https:\/\/panilino.md\/ro\/wp-json\/wp\/v2\/product\/3457","targetHints":{"allow":["GET"]}}],"collection":[{"href":"https:\/\/panilino.md\/ro\/wp-json\/wp\/v2\/product"}],"about":[{"href":"https:\/\/panilino.md\/ro\/wp-json\/wp\/v2\/types\/product"}],"replies":[{"embeddable":true,"href":"https:\/\/panilino.md\/ro\/wp-json\/wp\/v2\/comments?post=3457"}],"wp:featuredmedia":[{"embeddable":true,"href":"https:\/\/panilino.md\/ro\/wp-json\/wp\/v2\/media\/3779"}],"wp:attachment":[{"href":"https:\/\/panilino.md\/ro\/wp-json\/wp\/v2\/media?parent=3457"}],"wp:term":[{"taxonomy":"product_brand","embeddable":true,"href":"https:\/\/panilino.md\/ro\/wp-json\/wp\/v2\/product_brand?post=3457"},{"taxonomy":"product_cat","embeddable":true,"href":"https:\/\/panilino.md\/ro\/wp-json\/wp\/v2\/product_cat?post=3457"},{"taxonomy":"product_tag","embeddable":true,"href":"https:\/\/panilino.md\/ro\/wp-json\/wp\/v2\/product_tag?post=3457"}],"curies":[{"name":"wp","href":"https:\/\/api.w.org\/{rel}","templated":true}]}}