{"id":3467,"date":"2025-09-27T03:04:47","date_gmt":"2025-09-27T03:04:47","guid":{"rendered":"https:\/\/panilino.md\/product\/lady-viin-cake\/"},"modified":"2025-09-27T05:00:23","modified_gmt":"2025-09-27T05:00:23","slug":"lady-viin-cake","status":"publish","type":"product","link":"https:\/\/panilino.md\/ro\/produs\/lady-viin-cake\/","title":{"rendered":"Tort \u201eLady Vi\u015fin\u0103\u201d"},"content":{"rendered":"","protected":false},"excerpt":{"rendered":"<p>Pandi\u015fpan cu miere, crem\u0103 de fri\u015fc\u0103 cu adaos de vi\u015fin\u0103.<\/p>","protected":false},"featured_media":3745,"comment_status":"closed","ping_status":"closed","template":"","meta":[],"product_brand":[],"product_cat":[15],"product_tag":[],"class_list":{"0":"post-3467","1":"product","2":"type-product","3":"status-publish","4":"has-post-thumbnail","6":"product_cat-cakes","8":"first","9":"instock","10":"shipping-taxable","11":"product-type-simple"},"_links":{"self":[{"href":"https:\/\/panilino.md\/ro\/wp-json\/wp\/v2\/product\/3467","targetHints":{"allow":["GET"]}}],"collection":[{"href":"https:\/\/panilino.md\/ro\/wp-json\/wp\/v2\/product"}],"about":[{"href":"https:\/\/panilino.md\/ro\/wp-json\/wp\/v2\/types\/product"}],"replies":[{"embeddable":true,"href":"https:\/\/panilino.md\/ro\/wp-json\/wp\/v2\/comments?post=3467"}],"wp:featuredmedia":[{"embeddable":true,"href":"https:\/\/panilino.md\/ro\/wp-json\/wp\/v2\/media\/3745"}],"wp:attachment":[{"href":"https:\/\/panilino.md\/ro\/wp-json\/wp\/v2\/media?parent=3467"}],"wp:term":[{"taxonomy":"product_brand","embeddable":true,"href":"https:\/\/panilino.md\/ro\/wp-json\/wp\/v2\/product_brand?post=3467"},{"taxonomy":"product_cat","embeddable":true,"href":"https:\/\/panilino.md\/ro\/wp-json\/wp\/v2\/product_cat?post=3467"},{"taxonomy":"product_tag","embeddable":true,"href":"https:\/\/panilino.md\/ro\/wp-json\/wp\/v2\/product_tag?post=3467"}],"curies":[{"name":"wp","href":"https:\/\/api.w.org\/{rel}","templated":true}]}}