{"id":3474,"date":"2025-09-27T03:04:48","date_gmt":"2025-09-27T03:04:48","guid":{"rendered":"https:\/\/panilino.md\/product\/chiinul-de-sear-cake\/"},"modified":"2025-09-27T04:50:11","modified_gmt":"2025-09-27T04:50:11","slug":"chiinul-de-sear-cake","status":"publish","type":"product","link":"https:\/\/panilino.md\/ro\/produs\/chiinul-de-sear-cake\/","title":{"rendered":"Tort \u201eChi\u015fin\u0103ul de Sear\u0103\u201d"},"content":{"rendered":"","protected":false},"excerpt":{"rendered":"<p>Pandi\u0219pan cu cacao, crem\u0103 de fri\u0219c\u0103 \u00een combina\u0163ie cu crem\u0103 de ciocolat\u0103 neagr\u0103, adaos de prune uscate.<\/p>","protected":false},"featured_media":3795,"comment_status":"closed","ping_status":"closed","template":"","meta":[],"product_brand":[],"product_cat":[15],"product_tag":[],"class_list":{"0":"post-3474","1":"product","2":"type-product","3":"status-publish","4":"has-post-thumbnail","6":"product_cat-cakes","8":"first","9":"instock","10":"shipping-taxable","11":"product-type-simple"},"_links":{"self":[{"href":"https:\/\/panilino.md\/ro\/wp-json\/wp\/v2\/product\/3474","targetHints":{"allow":["GET"]}}],"collection":[{"href":"https:\/\/panilino.md\/ro\/wp-json\/wp\/v2\/product"}],"about":[{"href":"https:\/\/panilino.md\/ro\/wp-json\/wp\/v2\/types\/product"}],"replies":[{"embeddable":true,"href":"https:\/\/panilino.md\/ro\/wp-json\/wp\/v2\/comments?post=3474"}],"wp:featuredmedia":[{"embeddable":true,"href":"https:\/\/panilino.md\/ro\/wp-json\/wp\/v2\/media\/3795"}],"wp:attachment":[{"href":"https:\/\/panilino.md\/ro\/wp-json\/wp\/v2\/media?parent=3474"}],"wp:term":[{"taxonomy":"product_brand","embeddable":true,"href":"https:\/\/panilino.md\/ro\/wp-json\/wp\/v2\/product_brand?post=3474"},{"taxonomy":"product_cat","embeddable":true,"href":"https:\/\/panilino.md\/ro\/wp-json\/wp\/v2\/product_cat?post=3474"},{"taxonomy":"product_tag","embeddable":true,"href":"https:\/\/panilino.md\/ro\/wp-json\/wp\/v2\/product_tag?post=3474"}],"curies":[{"name":"wp","href":"https:\/\/api.w.org\/{rel}","templated":true}]}}