{"id":3484,"date":"2025-09-27T03:04:52","date_gmt":"2025-09-27T03:04:52","guid":{"rendered":"https:\/\/panilino.md\/product\/napoleon-cake\/"},"modified":"2025-09-29T08:03:51","modified_gmt":"2025-09-29T08:03:51","slug":"napoleon-cake","status":"publish","type":"product","link":"https:\/\/panilino.md\/ro\/produs\/napoleon-cake\/","title":{"rendered":"Tort \u201eNapoleon\u201d 500 g"},"content":{"rendered":"","protected":false},"excerpt":{"rendered":"<p>Foitaj, crem\u0103 de fri\u015fc\u0103, crem\u0103 fin\u0103 de vanilie \u015fi lapte condensat.<\/p>","protected":false},"featured_media":3753,"comment_status":"closed","ping_status":"closed","template":"","meta":[],"product_brand":[],"product_cat":[15],"product_tag":[],"class_list":{"0":"post-3484","1":"product","2":"type-product","3":"status-publish","4":"has-post-thumbnail","6":"product_cat-cakes","8":"first","9":"instock","10":"shipping-taxable","11":"product-type-simple"},"_links":{"self":[{"href":"https:\/\/panilino.md\/ro\/wp-json\/wp\/v2\/product\/3484","targetHints":{"allow":["GET"]}}],"collection":[{"href":"https:\/\/panilino.md\/ro\/wp-json\/wp\/v2\/product"}],"about":[{"href":"https:\/\/panilino.md\/ro\/wp-json\/wp\/v2\/types\/product"}],"replies":[{"embeddable":true,"href":"https:\/\/panilino.md\/ro\/wp-json\/wp\/v2\/comments?post=3484"}],"wp:featuredmedia":[{"embeddable":true,"href":"https:\/\/panilino.md\/ro\/wp-json\/wp\/v2\/media\/3753"}],"wp:attachment":[{"href":"https:\/\/panilino.md\/ro\/wp-json\/wp\/v2\/media?parent=3484"}],"wp:term":[{"taxonomy":"product_brand","embeddable":true,"href":"https:\/\/panilino.md\/ro\/wp-json\/wp\/v2\/product_brand?post=3484"},{"taxonomy":"product_cat","embeddable":true,"href":"https:\/\/panilino.md\/ro\/wp-json\/wp\/v2\/product_cat?post=3484"},{"taxonomy":"product_tag","embeddable":true,"href":"https:\/\/panilino.md\/ro\/wp-json\/wp\/v2\/product_tag?post=3484"}],"curies":[{"name":"wp","href":"https:\/\/api.w.org\/{rel}","templated":true}]}}