{"id":3489,"date":"2025-09-27T03:04:53","date_gmt":"2025-09-27T03:04:53","guid":{"rendered":"https:\/\/panilino.md\/product\/roll-with-sour-cherry\/"},"modified":"2025-09-27T06:03:09","modified_gmt":"2025-09-27T06:03:09","slug":"roll-with-sour-cherry","status":"publish","type":"product","link":"https:\/\/panilino.md\/ro\/produs\/roll-with-sour-cherry\/","title":{"rendered":"Rulad\u0103 cu vi\u015fin\u0103"},"content":{"rendered":"","protected":false},"excerpt":{"rendered":"<p>Rulad\u0103 stratificat\u0103 cu crem\u0103 de sufleu \u0219i vi\u0219in\u0103.<\/p>","protected":false},"featured_media":3852,"comment_status":"closed","ping_status":"closed","template":"","meta":[],"product_brand":[],"product_cat":[40],"product_tag":[],"class_list":{"0":"post-3489","1":"product","2":"type-product","3":"status-publish","4":"has-post-thumbnail","6":"product_cat-desserts","8":"first","9":"instock","10":"shipping-taxable","11":"product-type-simple"},"_links":{"self":[{"href":"https:\/\/panilino.md\/ro\/wp-json\/wp\/v2\/product\/3489","targetHints":{"allow":["GET"]}}],"collection":[{"href":"https:\/\/panilino.md\/ro\/wp-json\/wp\/v2\/product"}],"about":[{"href":"https:\/\/panilino.md\/ro\/wp-json\/wp\/v2\/types\/product"}],"replies":[{"embeddable":true,"href":"https:\/\/panilino.md\/ro\/wp-json\/wp\/v2\/comments?post=3489"}],"wp:featuredmedia":[{"embeddable":true,"href":"https:\/\/panilino.md\/ro\/wp-json\/wp\/v2\/media\/3852"}],"wp:attachment":[{"href":"https:\/\/panilino.md\/ro\/wp-json\/wp\/v2\/media?parent=3489"}],"wp:term":[{"taxonomy":"product_brand","embeddable":true,"href":"https:\/\/panilino.md\/ro\/wp-json\/wp\/v2\/product_brand?post=3489"},{"taxonomy":"product_cat","embeddable":true,"href":"https:\/\/panilino.md\/ro\/wp-json\/wp\/v2\/product_cat?post=3489"},{"taxonomy":"product_tag","embeddable":true,"href":"https:\/\/panilino.md\/ro\/wp-json\/wp\/v2\/product_tag?post=3489"}],"curies":[{"name":"wp","href":"https:\/\/api.w.org\/{rel}","templated":true}]}}