{"id":3491,"date":"2025-09-27T03:04:53","date_gmt":"2025-09-27T03:04:53","guid":{"rendered":"https:\/\/panilino.md\/product\/tartlet-with-sweetened-condensed-milk\/"},"modified":"2025-09-27T05:39:55","modified_gmt":"2025-09-27T05:39:55","slug":"tartlet-with-sweetened-condensed-milk","status":"publish","type":"product","link":"https:\/\/panilino.md\/ro\/produs\/tartlet-with-sweetened-condensed-milk\/","title":{"rendered":"Tartalet\u0103 cu lapte condensat"},"content":{"rendered":"","protected":false},"excerpt":{"rendered":"<p>Tart\u0103 cu umplutur\u0103 din crem\u0103 combinat\u0103 cu adaos de lapte condensat.<\/p>","protected":false},"featured_media":3832,"comment_status":"closed","ping_status":"closed","template":"","meta":[],"product_brand":[],"product_cat":[40],"product_tag":[],"class_list":{"0":"post-3491","1":"product","2":"type-product","3":"status-publish","4":"has-post-thumbnail","6":"product_cat-desserts","8":"first","9":"instock","10":"shipping-taxable","11":"product-type-simple"},"_links":{"self":[{"href":"https:\/\/panilino.md\/ro\/wp-json\/wp\/v2\/product\/3491","targetHints":{"allow":["GET"]}}],"collection":[{"href":"https:\/\/panilino.md\/ro\/wp-json\/wp\/v2\/product"}],"about":[{"href":"https:\/\/panilino.md\/ro\/wp-json\/wp\/v2\/types\/product"}],"replies":[{"embeddable":true,"href":"https:\/\/panilino.md\/ro\/wp-json\/wp\/v2\/comments?post=3491"}],"wp:featuredmedia":[{"embeddable":true,"href":"https:\/\/panilino.md\/ro\/wp-json\/wp\/v2\/media\/3832"}],"wp:attachment":[{"href":"https:\/\/panilino.md\/ro\/wp-json\/wp\/v2\/media?parent=3491"}],"wp:term":[{"taxonomy":"product_brand","embeddable":true,"href":"https:\/\/panilino.md\/ro\/wp-json\/wp\/v2\/product_brand?post=3491"},{"taxonomy":"product_cat","embeddable":true,"href":"https:\/\/panilino.md\/ro\/wp-json\/wp\/v2\/product_cat?post=3491"},{"taxonomy":"product_tag","embeddable":true,"href":"https:\/\/panilino.md\/ro\/wp-json\/wp\/v2\/product_tag?post=3491"}],"curies":[{"name":"wp","href":"https:\/\/api.w.org\/{rel}","templated":true}]}}