{"id":3496,"date":"2025-09-27T03:04:55","date_gmt":"2025-09-27T03:04:55","guid":{"rendered":"https:\/\/panilino.md\/product\/tart-with-sour-cherry\/"},"modified":"2025-09-27T06:05:02","modified_gmt":"2025-09-27T06:05:02","slug":"tart-with-sour-cherry","status":"publish","type":"product","link":"https:\/\/panilino.md\/ro\/produs\/tart-with-sour-cherry\/","title":{"rendered":"Tart\u0103 cu vi\u015fin\u0103"},"content":{"rendered":"","protected":false},"excerpt":{"rendered":"<p>Tart\u0103 cu umplutur\u0103 din crem\u0103 de fri\u0219c\u0103 \u0219i vi\u0219in\u0103.<\/p>","protected":false},"featured_media":3859,"comment_status":"closed","ping_status":"closed","template":"","meta":[],"product_brand":[],"product_cat":[40],"product_tag":[],"class_list":{"0":"post-3496","1":"product","2":"type-product","3":"status-publish","4":"has-post-thumbnail","6":"product_cat-desserts","8":"first","9":"instock","10":"shipping-taxable","11":"product-type-simple"},"_links":{"self":[{"href":"https:\/\/panilino.md\/ro\/wp-json\/wp\/v2\/product\/3496","targetHints":{"allow":["GET"]}}],"collection":[{"href":"https:\/\/panilino.md\/ro\/wp-json\/wp\/v2\/product"}],"about":[{"href":"https:\/\/panilino.md\/ro\/wp-json\/wp\/v2\/types\/product"}],"replies":[{"embeddable":true,"href":"https:\/\/panilino.md\/ro\/wp-json\/wp\/v2\/comments?post=3496"}],"wp:featuredmedia":[{"embeddable":true,"href":"https:\/\/panilino.md\/ro\/wp-json\/wp\/v2\/media\/3859"}],"wp:attachment":[{"href":"https:\/\/panilino.md\/ro\/wp-json\/wp\/v2\/media?parent=3496"}],"wp:term":[{"taxonomy":"product_brand","embeddable":true,"href":"https:\/\/panilino.md\/ro\/wp-json\/wp\/v2\/product_brand?post=3496"},{"taxonomy":"product_cat","embeddable":true,"href":"https:\/\/panilino.md\/ro\/wp-json\/wp\/v2\/product_cat?post=3496"},{"taxonomy":"product_tag","embeddable":true,"href":"https:\/\/panilino.md\/ro\/wp-json\/wp\/v2\/product_tag?post=3496"}],"curies":[{"name":"wp","href":"https:\/\/api.w.org\/{rel}","templated":true}]}}