{"id":3506,"date":"2025-09-27T03:04:56","date_gmt":"2025-09-27T03:04:56","guid":{"rendered":"https:\/\/panilino.md\/product\/cake-smntnel\/"},"modified":"2025-09-27T05:58:52","modified_gmt":"2025-09-27T05:58:52","slug":"cake-smntnel","status":"publish","type":"product","link":"https:\/\/panilino.md\/ro\/produs\/cake-smntnel\/","title":{"rendered":"Pr\u0103jitur\u0103 \u201eSm\u00e2nt\u00e2nel\u201d"},"content":{"rendered":"","protected":false},"excerpt":{"rendered":"<p>Foi cu miere, crem\u0103 de fri\u0219c\u0103 \u00een combina\u021bie cu sm\u00e2nt\u00e2n\u0103.<\/p>","protected":false},"featured_media":3848,"comment_status":"closed","ping_status":"closed","template":"","meta":[],"product_brand":[],"product_cat":[40],"product_tag":[],"class_list":{"0":"post-3506","1":"product","2":"type-product","3":"status-publish","4":"has-post-thumbnail","6":"product_cat-desserts","8":"first","9":"instock","10":"shipping-taxable","11":"product-type-simple"},"_links":{"self":[{"href":"https:\/\/panilino.md\/ro\/wp-json\/wp\/v2\/product\/3506","targetHints":{"allow":["GET"]}}],"collection":[{"href":"https:\/\/panilino.md\/ro\/wp-json\/wp\/v2\/product"}],"about":[{"href":"https:\/\/panilino.md\/ro\/wp-json\/wp\/v2\/types\/product"}],"replies":[{"embeddable":true,"href":"https:\/\/panilino.md\/ro\/wp-json\/wp\/v2\/comments?post=3506"}],"wp:featuredmedia":[{"embeddable":true,"href":"https:\/\/panilino.md\/ro\/wp-json\/wp\/v2\/media\/3848"}],"wp:attachment":[{"href":"https:\/\/panilino.md\/ro\/wp-json\/wp\/v2\/media?parent=3506"}],"wp:term":[{"taxonomy":"product_brand","embeddable":true,"href":"https:\/\/panilino.md\/ro\/wp-json\/wp\/v2\/product_brand?post=3506"},{"taxonomy":"product_cat","embeddable":true,"href":"https:\/\/panilino.md\/ro\/wp-json\/wp\/v2\/product_cat?post=3506"},{"taxonomy":"product_tag","embeddable":true,"href":"https:\/\/panilino.md\/ro\/wp-json\/wp\/v2\/product_tag?post=3506"}],"curies":[{"name":"wp","href":"https:\/\/api.w.org\/{rel}","templated":true}]}}