{"id":3514,"date":"2025-09-27T03:05:02","date_gmt":"2025-09-27T03:05:02","guid":{"rendered":"https:\/\/panilino.md\/product\/cake-diplomat\/"},"modified":"2025-09-27T05:49:30","modified_gmt":"2025-09-27T05:49:30","slug":"cake-diplomat","status":"publish","type":"product","link":"https:\/\/panilino.md\/ro\/produs\/cake-diplomat\/","title":{"rendered":"Pr\u0103jitur\u0103 \u201eDiplomat\u201d"},"content":{"rendered":"","protected":false},"excerpt":{"rendered":"<p>Foi cu miere \u015fi cacao, crem\u0103 din fri\u015fc\u0103 combinat\u0103 cu crem\u0103 de lapte condensat.<\/p>","protected":false},"featured_media":3836,"comment_status":"closed","ping_status":"closed","template":"","meta":[],"product_brand":[],"product_cat":[40],"product_tag":[],"class_list":{"0":"post-3514","1":"product","2":"type-product","3":"status-publish","4":"has-post-thumbnail","6":"product_cat-desserts","8":"first","9":"instock","10":"shipping-taxable","11":"product-type-simple"},"_links":{"self":[{"href":"https:\/\/panilino.md\/ro\/wp-json\/wp\/v2\/product\/3514","targetHints":{"allow":["GET"]}}],"collection":[{"href":"https:\/\/panilino.md\/ro\/wp-json\/wp\/v2\/product"}],"about":[{"href":"https:\/\/panilino.md\/ro\/wp-json\/wp\/v2\/types\/product"}],"replies":[{"embeddable":true,"href":"https:\/\/panilino.md\/ro\/wp-json\/wp\/v2\/comments?post=3514"}],"wp:featuredmedia":[{"embeddable":true,"href":"https:\/\/panilino.md\/ro\/wp-json\/wp\/v2\/media\/3836"}],"wp:attachment":[{"href":"https:\/\/panilino.md\/ro\/wp-json\/wp\/v2\/media?parent=3514"}],"wp:term":[{"taxonomy":"product_brand","embeddable":true,"href":"https:\/\/panilino.md\/ro\/wp-json\/wp\/v2\/product_brand?post=3514"},{"taxonomy":"product_cat","embeddable":true,"href":"https:\/\/panilino.md\/ro\/wp-json\/wp\/v2\/product_cat?post=3514"},{"taxonomy":"product_tag","embeddable":true,"href":"https:\/\/panilino.md\/ro\/wp-json\/wp\/v2\/product_tag?post=3514"}],"curies":[{"name":"wp","href":"https:\/\/api.w.org\/{rel}","templated":true}]}}