{"id":3516,"date":"2025-09-27T03:05:02","date_gmt":"2025-09-27T03:05:02","guid":{"rendered":"https:\/\/panilino.md\/product\/cake-ah-mat\/"},"modified":"2025-09-27T05:58:32","modified_gmt":"2025-09-27T05:58:32","slug":"cake-ah-mat","status":"publish","type":"product","link":"https:\/\/panilino.md\/ro\/produs\/cake-ah-mat\/","title":{"rendered":"Pr\u0103jitur\u0103 \u201e\u015eah-Mat\u201d"},"content":{"rendered":"","protected":false},"excerpt":{"rendered":"<p>Pandi\u0219pan alb \u0219i pandi\u0219pan cu cacao, crem\u0103 de fri\u0219c\u0103 \u00een combina\u0163ie cu sm\u00e2nt\u00e2n\u0103.<\/p>","protected":false},"featured_media":3847,"comment_status":"closed","ping_status":"closed","template":"","meta":[],"product_brand":[],"product_cat":[40],"product_tag":[],"class_list":{"0":"post-3516","1":"product","2":"type-product","3":"status-publish","4":"has-post-thumbnail","6":"product_cat-desserts","8":"first","9":"instock","10":"shipping-taxable","11":"product-type-simple"},"_links":{"self":[{"href":"https:\/\/panilino.md\/ro\/wp-json\/wp\/v2\/product\/3516","targetHints":{"allow":["GET"]}}],"collection":[{"href":"https:\/\/panilino.md\/ro\/wp-json\/wp\/v2\/product"}],"about":[{"href":"https:\/\/panilino.md\/ro\/wp-json\/wp\/v2\/types\/product"}],"replies":[{"embeddable":true,"href":"https:\/\/panilino.md\/ro\/wp-json\/wp\/v2\/comments?post=3516"}],"wp:featuredmedia":[{"embeddable":true,"href":"https:\/\/panilino.md\/ro\/wp-json\/wp\/v2\/media\/3847"}],"wp:attachment":[{"href":"https:\/\/panilino.md\/ro\/wp-json\/wp\/v2\/media?parent=3516"}],"wp:term":[{"taxonomy":"product_brand","embeddable":true,"href":"https:\/\/panilino.md\/ro\/wp-json\/wp\/v2\/product_brand?post=3516"},{"taxonomy":"product_cat","embeddable":true,"href":"https:\/\/panilino.md\/ro\/wp-json\/wp\/v2\/product_cat?post=3516"},{"taxonomy":"product_tag","embeddable":true,"href":"https:\/\/panilino.md\/ro\/wp-json\/wp\/v2\/product_tag?post=3516"}],"curies":[{"name":"wp","href":"https:\/\/api.w.org\/{rel}","templated":true}]}}