{"id":3523,"date":"2025-09-27T03:05:06","date_gmt":"2025-09-27T03:05:06","guid":{"rendered":"https:\/\/panilino.md\/product\/cake-ecler\/"},"modified":"2025-09-27T05:50:18","modified_gmt":"2025-09-27T05:50:18","slug":"cake-ecler","status":"publish","type":"product","link":"https:\/\/panilino.md\/ro\/produs\/cake-ecler\/","title":{"rendered":"Pr\u0103jitur\u0103 \u201eEcler\u201d"},"content":{"rendered":"","protected":false},"excerpt":{"rendered":"<p>Pr\u0103jitur\u0103 umplut\u0103 cu crem\u0103 de fri\u015fc\u0103, lapte condensat \u015fi crem\u0103 de vanilie.<\/p>","protected":false},"featured_media":3839,"comment_status":"closed","ping_status":"closed","template":"","meta":[],"product_brand":[],"product_cat":[40],"product_tag":[],"class_list":{"0":"post-3523","1":"product","2":"type-product","3":"status-publish","4":"has-post-thumbnail","6":"product_cat-desserts","8":"first","9":"instock","10":"shipping-taxable","11":"product-type-simple"},"_links":{"self":[{"href":"https:\/\/panilino.md\/ro\/wp-json\/wp\/v2\/product\/3523","targetHints":{"allow":["GET"]}}],"collection":[{"href":"https:\/\/panilino.md\/ro\/wp-json\/wp\/v2\/product"}],"about":[{"href":"https:\/\/panilino.md\/ro\/wp-json\/wp\/v2\/types\/product"}],"replies":[{"embeddable":true,"href":"https:\/\/panilino.md\/ro\/wp-json\/wp\/v2\/comments?post=3523"}],"wp:featuredmedia":[{"embeddable":true,"href":"https:\/\/panilino.md\/ro\/wp-json\/wp\/v2\/media\/3839"}],"wp:attachment":[{"href":"https:\/\/panilino.md\/ro\/wp-json\/wp\/v2\/media?parent=3523"}],"wp:term":[{"taxonomy":"product_brand","embeddable":true,"href":"https:\/\/panilino.md\/ro\/wp-json\/wp\/v2\/product_brand?post=3523"},{"taxonomy":"product_cat","embeddable":true,"href":"https:\/\/panilino.md\/ro\/wp-json\/wp\/v2\/product_cat?post=3523"},{"taxonomy":"product_tag","embeddable":true,"href":"https:\/\/panilino.md\/ro\/wp-json\/wp\/v2\/product_tag?post=3523"}],"curies":[{"name":"wp","href":"https:\/\/api.w.org\/{rel}","templated":true}]}}