{"id":3642,"date":"2025-09-27T03:05:36","date_gmt":"2025-09-27T03:05:36","guid":{"rendered":"https:\/\/panilino.md\/product\/jelly-candy-trei-straturi\/"},"modified":"2025-09-27T03:54:08","modified_gmt":"2025-09-27T03:54:08","slug":"jelly-candy-trei-straturi","status":"publish","type":"product","link":"https:\/\/panilino.md\/ro\/produs\/jelly-candy-trei-straturi\/","title":{"rendered":"Jeleu \u201eTrei straturi\u201d"},"content":{"rendered":"","protected":false},"excerpt":{"rendered":"<p>Bomboane din jeleu \u00een trei straturi cu arom\u0103 \u0219i gust de zmeur\u0103, m\u0103r, l\u0103m\u00e2ie \u0219i portocal\u0103<\/p>","protected":false},"featured_media":3688,"comment_status":"closed","ping_status":"closed","template":"","meta":[],"product_brand":[],"product_cat":[54],"product_tag":[],"class_list":{"0":"post-3642","1":"product","2":"type-product","3":"status-publish","4":"has-post-thumbnail","6":"product_cat-gummies","8":"first","9":"instock","10":"shipping-taxable","11":"product-type-simple"},"_links":{"self":[{"href":"https:\/\/panilino.md\/ro\/wp-json\/wp\/v2\/product\/3642","targetHints":{"allow":["GET"]}}],"collection":[{"href":"https:\/\/panilino.md\/ro\/wp-json\/wp\/v2\/product"}],"about":[{"href":"https:\/\/panilino.md\/ro\/wp-json\/wp\/v2\/types\/product"}],"replies":[{"embeddable":true,"href":"https:\/\/panilino.md\/ro\/wp-json\/wp\/v2\/comments?post=3642"}],"wp:featuredmedia":[{"embeddable":true,"href":"https:\/\/panilino.md\/ro\/wp-json\/wp\/v2\/media\/3688"}],"wp:attachment":[{"href":"https:\/\/panilino.md\/ro\/wp-json\/wp\/v2\/media?parent=3642"}],"wp:term":[{"taxonomy":"product_brand","embeddable":true,"href":"https:\/\/panilino.md\/ro\/wp-json\/wp\/v2\/product_brand?post=3642"},{"taxonomy":"product_cat","embeddable":true,"href":"https:\/\/panilino.md\/ro\/wp-json\/wp\/v2\/product_cat?post=3642"},{"taxonomy":"product_tag","embeddable":true,"href":"https:\/\/panilino.md\/ro\/wp-json\/wp\/v2\/product_tag?post=3642"}],"curies":[{"name":"wp","href":"https:\/\/api.w.org\/{rel}","templated":true}]}}