{"id":3646,"date":"2025-09-27T03:05:36","date_gmt":"2025-09-27T03:05:36","guid":{"rendered":"https:\/\/panilino.md\/product\/apple-meringues\/"},"modified":"2025-12-30T13:50:21","modified_gmt":"2025-12-30T13:50:21","slug":"apple-meringues","status":"publish","type":"product","link":"https:\/\/panilino.md\/ro\/produs\/apple-meringues\/","title":{"rendered":"Meringi cu arom\u0103 de m\u0103r"},"content":{"rendered":"","protected":false},"excerpt":{"rendered":"<p>Pr\u0103jitur\u0103 preparat\u0103 din albu\u0219 de ou b\u0103tut cu zah\u0103r cu arom\u0103 de m\u0103r<\/p>","protected":false},"featured_media":3690,"comment_status":"closed","ping_status":"closed","template":"","meta":[],"product_brand":[],"product_cat":[34],"product_tag":[],"class_list":{"0":"post-3646","1":"product","2":"type-product","3":"status-publish","4":"has-post-thumbnail","6":"product_cat-meringues","8":"first","9":"instock","10":"shipping-taxable","11":"product-type-simple"},"_links":{"self":[{"href":"https:\/\/panilino.md\/ro\/wp-json\/wp\/v2\/product\/3646","targetHints":{"allow":["GET"]}}],"collection":[{"href":"https:\/\/panilino.md\/ro\/wp-json\/wp\/v2\/product"}],"about":[{"href":"https:\/\/panilino.md\/ro\/wp-json\/wp\/v2\/types\/product"}],"replies":[{"embeddable":true,"href":"https:\/\/panilino.md\/ro\/wp-json\/wp\/v2\/comments?post=3646"}],"wp:featuredmedia":[{"embeddable":true,"href":"https:\/\/panilino.md\/ro\/wp-json\/wp\/v2\/media\/3690"}],"wp:attachment":[{"href":"https:\/\/panilino.md\/ro\/wp-json\/wp\/v2\/media?parent=3646"}],"wp:term":[{"taxonomy":"product_brand","embeddable":true,"href":"https:\/\/panilino.md\/ro\/wp-json\/wp\/v2\/product_brand?post=3646"},{"taxonomy":"product_cat","embeddable":true,"href":"https:\/\/panilino.md\/ro\/wp-json\/wp\/v2\/product_cat?post=3646"},{"taxonomy":"product_tag","embeddable":true,"href":"https:\/\/panilino.md\/ro\/wp-json\/wp\/v2\/product_tag?post=3646"}],"curies":[{"name":"wp","href":"https:\/\/api.w.org\/{rel}","templated":true}]}}