{"id":4194,"date":"2025-12-30T08:34:38","date_gmt":"2025-12-30T08:34:38","guid":{"rendered":"https:\/\/panilino.md\/?post_type=product&#038;p=4194"},"modified":"2026-01-27T14:58:04","modified_gmt":"2026-01-27T14:58:04","slug":"diplomat-cake-3","status":"publish","type":"product","link":"https:\/\/panilino.md\/ro\/produs\/diplomat-cake-3\/","title":{"rendered":"Tort \"Diplomat\""},"content":{"rendered":"","protected":false},"excerpt":{"rendered":"<p>Foi cu miere \u015fi cacao, crem\u0103 de fri\u015fc\u0103 combinat\u0103 cu crem\u0103 de lapte condensat.<\/p>","protected":false},"featured_media":3805,"comment_status":"closed","ping_status":"closed","template":"","meta":[],"product_brand":[],"product_cat":[15],"product_tag":[],"class_list":{"0":"post-4194","1":"product","2":"type-product","3":"status-publish","4":"has-post-thumbnail","6":"product_cat-cakes","8":"first","9":"instock","10":"shipping-taxable","11":"product-type-variable"},"_links":{"self":[{"href":"https:\/\/panilino.md\/ro\/wp-json\/wp\/v2\/product\/4194","targetHints":{"allow":["GET"]}}],"collection":[{"href":"https:\/\/panilino.md\/ro\/wp-json\/wp\/v2\/product"}],"about":[{"href":"https:\/\/panilino.md\/ro\/wp-json\/wp\/v2\/types\/product"}],"replies":[{"embeddable":true,"href":"https:\/\/panilino.md\/ro\/wp-json\/wp\/v2\/comments?post=4194"}],"wp:featuredmedia":[{"embeddable":true,"href":"https:\/\/panilino.md\/ro\/wp-json\/wp\/v2\/media\/3805"}],"wp:attachment":[{"href":"https:\/\/panilino.md\/ro\/wp-json\/wp\/v2\/media?parent=4194"}],"wp:term":[{"taxonomy":"product_brand","embeddable":true,"href":"https:\/\/panilino.md\/ro\/wp-json\/wp\/v2\/product_brand?post=4194"},{"taxonomy":"product_cat","embeddable":true,"href":"https:\/\/panilino.md\/ro\/wp-json\/wp\/v2\/product_cat?post=4194"},{"taxonomy":"product_tag","embeddable":true,"href":"https:\/\/panilino.md\/ro\/wp-json\/wp\/v2\/product_tag?post=4194"}],"curies":[{"name":"wp","href":"https:\/\/api.w.org\/{rel}","templated":true}]}}