{"id":4205,"date":"2025-12-30T09:42:41","date_gmt":"2025-12-30T09:42:41","guid":{"rendered":"https:\/\/panilino.md\/?post_type=product&#038;p=4205"},"modified":"2026-01-27T14:54:53","modified_gmt":"2026-01-27T14:54:53","slug":"cookie-boabe-de-cafea-3","status":"publish","type":"product","link":"https:\/\/panilino.md\/ro\/produs\/cookie-boabe-de-cafea-3\/","title":{"rendered":"Fursec \u201cBoabe de Cafea\u201d"},"content":{"rendered":"","protected":false},"excerpt":{"rendered":"<p>Fursecuri Boabe de cafea \u2013 fursecuri fragede, cu form\u0103 de boab\u0103 de cafea, preg\u0103tite dintr-un aluat fin cu unt, cacao \u0219i arom\u0103 intens\u0103 de cafea.<\/p>","protected":false},"featured_media":3712,"comment_status":"closed","ping_status":"closed","template":"","meta":[],"product_brand":[],"product_cat":[51],"product_tag":[],"class_list":{"0":"post-4205","1":"product","2":"type-product","3":"status-publish","4":"has-post-thumbnail","6":"product_cat-cookies","8":"first","9":"instock","10":"shipping-taxable","11":"product-type-variable"},"_links":{"self":[{"href":"https:\/\/panilino.md\/ro\/wp-json\/wp\/v2\/product\/4205","targetHints":{"allow":["GET"]}}],"collection":[{"href":"https:\/\/panilino.md\/ro\/wp-json\/wp\/v2\/product"}],"about":[{"href":"https:\/\/panilino.md\/ro\/wp-json\/wp\/v2\/types\/product"}],"replies":[{"embeddable":true,"href":"https:\/\/panilino.md\/ro\/wp-json\/wp\/v2\/comments?post=4205"}],"wp:featuredmedia":[{"embeddable":true,"href":"https:\/\/panilino.md\/ro\/wp-json\/wp\/v2\/media\/3712"}],"wp:attachment":[{"href":"https:\/\/panilino.md\/ro\/wp-json\/wp\/v2\/media?parent=4205"}],"wp:term":[{"taxonomy":"product_brand","embeddable":true,"href":"https:\/\/panilino.md\/ro\/wp-json\/wp\/v2\/product_brand?post=4205"},{"taxonomy":"product_cat","embeddable":true,"href":"https:\/\/panilino.md\/ro\/wp-json\/wp\/v2\/product_cat?post=4205"},{"taxonomy":"product_tag","embeddable":true,"href":"https:\/\/panilino.md\/ro\/wp-json\/wp\/v2\/product_tag?post=4205"}],"curies":[{"name":"wp","href":"https:\/\/api.w.org\/{rel}","templated":true}]}}