{"id":4208,"date":"2025-12-30T09:52:45","date_gmt":"2025-12-30T09:52:45","guid":{"rendered":"https:\/\/panilino.md\/?post_type=product&#038;p=4208"},"modified":"2026-01-27T14:53:03","modified_gmt":"2026-01-27T14:53:03","slug":"cookies-zaharosi-cu-stafide","status":"publish","type":"product","link":"https:\/\/panilino.md\/ro\/produs\/cookies-zaharosi-cu-stafide\/","title":{"rendered":"Biscui\u021bi \u201cZaharo\u0219i cu Stafide\u201d"},"content":{"rendered":"","protected":false},"excerpt":{"rendered":"<p>Biscui\u0163i zaharo\u015fi din f\u0103in\u0103 de calitate superioar\u0103 cu stafide.<\/p>","protected":false},"featured_media":3730,"comment_status":"closed","ping_status":"closed","template":"","meta":[],"product_brand":[],"product_cat":[51],"product_tag":[],"class_list":{"0":"post-4208","1":"product","2":"type-product","3":"status-publish","4":"has-post-thumbnail","6":"product_cat-cookies","8":"first","9":"instock","10":"shipping-taxable","11":"product-type-variable"},"_links":{"self":[{"href":"https:\/\/panilino.md\/ro\/wp-json\/wp\/v2\/product\/4208","targetHints":{"allow":["GET"]}}],"collection":[{"href":"https:\/\/panilino.md\/ro\/wp-json\/wp\/v2\/product"}],"about":[{"href":"https:\/\/panilino.md\/ro\/wp-json\/wp\/v2\/types\/product"}],"replies":[{"embeddable":true,"href":"https:\/\/panilino.md\/ro\/wp-json\/wp\/v2\/comments?post=4208"}],"wp:featuredmedia":[{"embeddable":true,"href":"https:\/\/panilino.md\/ro\/wp-json\/wp\/v2\/media\/3730"}],"wp:attachment":[{"href":"https:\/\/panilino.md\/ro\/wp-json\/wp\/v2\/media?parent=4208"}],"wp:term":[{"taxonomy":"product_brand","embeddable":true,"href":"https:\/\/panilino.md\/ro\/wp-json\/wp\/v2\/product_brand?post=4208"},{"taxonomy":"product_cat","embeddable":true,"href":"https:\/\/panilino.md\/ro\/wp-json\/wp\/v2\/product_cat?post=4208"},{"taxonomy":"product_tag","embeddable":true,"href":"https:\/\/panilino.md\/ro\/wp-json\/wp\/v2\/product_tag?post=4208"}],"curies":[{"name":"wp","href":"https:\/\/api.w.org\/{rel}","templated":true}]}}