{"id":4281,"date":"2025-12-30T12:20:45","date_gmt":"2025-12-30T12:20:45","guid":{"rendered":"https:\/\/panilino.md\/?post_type=product&#038;p=4281"},"modified":"2026-01-27T14:27:29","modified_gmt":"2026-01-27T14:27:29","slug":"cake-set-napoleon-4","status":"publish","type":"product","link":"https:\/\/panilino.md\/ro\/produs\/cake-set-napoleon-4\/","title":{"rendered":"Set din pr\u0103jituri \u201eNapoleon\u201d"},"content":{"rendered":"","protected":false},"excerpt":{"rendered":"<p>Foitaj, crem\u0103 de fri\u015fc\u0103, crem\u0103 fin\u0103 de vanilie \u015fi crem\u0103 de lapte condensat.<\/p>","protected":false},"featured_media":3753,"comment_status":"closed","ping_status":"closed","template":"","meta":[],"product_brand":[],"product_cat":[40],"product_tag":[],"class_list":{"0":"post-4281","1":"product","2":"type-product","3":"status-publish","4":"has-post-thumbnail","6":"product_cat-desserts","8":"first","9":"instock","10":"shipping-taxable","11":"product-type-variable"},"_links":{"self":[{"href":"https:\/\/panilino.md\/ro\/wp-json\/wp\/v2\/product\/4281","targetHints":{"allow":["GET"]}}],"collection":[{"href":"https:\/\/panilino.md\/ro\/wp-json\/wp\/v2\/product"}],"about":[{"href":"https:\/\/panilino.md\/ro\/wp-json\/wp\/v2\/types\/product"}],"replies":[{"embeddable":true,"href":"https:\/\/panilino.md\/ro\/wp-json\/wp\/v2\/comments?post=4281"}],"wp:featuredmedia":[{"embeddable":true,"href":"https:\/\/panilino.md\/ro\/wp-json\/wp\/v2\/media\/3753"}],"wp:attachment":[{"href":"https:\/\/panilino.md\/ro\/wp-json\/wp\/v2\/media?parent=4281"}],"wp:term":[{"taxonomy":"product_brand","embeddable":true,"href":"https:\/\/panilino.md\/ro\/wp-json\/wp\/v2\/product_brand?post=4281"},{"taxonomy":"product_cat","embeddable":true,"href":"https:\/\/panilino.md\/ro\/wp-json\/wp\/v2\/product_cat?post=4281"},{"taxonomy":"product_tag","embeddable":true,"href":"https:\/\/panilino.md\/ro\/wp-json\/wp\/v2\/product_tag?post=4281"}],"curies":[{"name":"wp","href":"https:\/\/api.w.org\/{rel}","templated":true}]}}