{"id":4285,"date":"2025-12-30T12:28:14","date_gmt":"2025-12-30T12:28:14","guid":{"rendered":"https:\/\/panilino.md\/?post_type=product&#038;p=4285"},"modified":"2026-01-27T14:26:07","modified_gmt":"2026-01-27T14:26:07","slug":"cake-profitroli-cu-minutca-4","status":"publish","type":"product","link":"https:\/\/panilino.md\/ro\/produs\/cake-profitroli-cu-minutca-4\/","title":{"rendered":"Pr\u0103jitur\u0103 \u201eProfitroli cu Minutca\u201d"},"content":{"rendered":"","protected":false},"excerpt":{"rendered":"<p>Pr\u0103jitur\u0103 umplut\u0103 cu crem\u0103 de fri\u015fc\u0103, lapte condensat \u015fi crem\u0103 de vanilie.<\/p>","protected":false},"featured_media":3850,"comment_status":"closed","ping_status":"closed","template":"","meta":[],"product_brand":[],"product_cat":[40],"product_tag":[],"class_list":{"0":"post-4285","1":"product","2":"type-product","3":"status-publish","4":"has-post-thumbnail","6":"product_cat-desserts","8":"first","9":"instock","10":"shipping-taxable","11":"product-type-variable"},"_links":{"self":[{"href":"https:\/\/panilino.md\/ro\/wp-json\/wp\/v2\/product\/4285","targetHints":{"allow":["GET"]}}],"collection":[{"href":"https:\/\/panilino.md\/ro\/wp-json\/wp\/v2\/product"}],"about":[{"href":"https:\/\/panilino.md\/ro\/wp-json\/wp\/v2\/types\/product"}],"replies":[{"embeddable":true,"href":"https:\/\/panilino.md\/ro\/wp-json\/wp\/v2\/comments?post=4285"}],"wp:featuredmedia":[{"embeddable":true,"href":"https:\/\/panilino.md\/ro\/wp-json\/wp\/v2\/media\/3850"}],"wp:attachment":[{"href":"https:\/\/panilino.md\/ro\/wp-json\/wp\/v2\/media?parent=4285"}],"wp:term":[{"taxonomy":"product_brand","embeddable":true,"href":"https:\/\/panilino.md\/ro\/wp-json\/wp\/v2\/product_brand?post=4285"},{"taxonomy":"product_cat","embeddable":true,"href":"https:\/\/panilino.md\/ro\/wp-json\/wp\/v2\/product_cat?post=4285"},{"taxonomy":"product_tag","embeddable":true,"href":"https:\/\/panilino.md\/ro\/wp-json\/wp\/v2\/product_tag?post=4285"}],"curies":[{"name":"wp","href":"https:\/\/api.w.org\/{rel}","templated":true}]}}