{"id":4292,"date":"2025-12-30T12:42:37","date_gmt":"2025-12-30T12:42:37","guid":{"rendered":"https:\/\/panilino.md\/?post_type=product&#038;p=4292"},"modified":"2026-01-27T14:16:55","modified_gmt":"2026-01-27T14:16:55","slug":"frozen-homemade-pies-3","status":"publish","type":"product","link":"https:\/\/panilino.md\/ro\/produs\/frozen-homemade-pies-3\/","title":{"rendered":"Pl\u0103cinte de cas\u0103 s\/f congelat"},"content":{"rendered":"","protected":false},"excerpt":{"rendered":"<p>Pl\u0103cinte delicioase congelate cu umplutur\u0103 cremoas\u0103 de br\u00e2nz\u0103 de vaci, realizate din aluat fraged<\/p>","protected":false},"featured_media":3818,"comment_status":"closed","ping_status":"closed","template":"","meta":[],"product_brand":[],"product_cat":[64],"product_tag":[],"class_list":{"0":"post-4292","1":"product","2":"type-product","3":"status-publish","4":"has-post-thumbnail","6":"product_cat-pies","8":"first","9":"instock","10":"shipping-taxable","11":"product-type-variable"},"_links":{"self":[{"href":"https:\/\/panilino.md\/ro\/wp-json\/wp\/v2\/product\/4292","targetHints":{"allow":["GET"]}}],"collection":[{"href":"https:\/\/panilino.md\/ro\/wp-json\/wp\/v2\/product"}],"about":[{"href":"https:\/\/panilino.md\/ro\/wp-json\/wp\/v2\/types\/product"}],"replies":[{"embeddable":true,"href":"https:\/\/panilino.md\/ro\/wp-json\/wp\/v2\/comments?post=4292"}],"wp:featuredmedia":[{"embeddable":true,"href":"https:\/\/panilino.md\/ro\/wp-json\/wp\/v2\/media\/3818"}],"wp:attachment":[{"href":"https:\/\/panilino.md\/ro\/wp-json\/wp\/v2\/media?parent=4292"}],"wp:term":[{"taxonomy":"product_brand","embeddable":true,"href":"https:\/\/panilino.md\/ro\/wp-json\/wp\/v2\/product_brand?post=4292"},{"taxonomy":"product_cat","embeddable":true,"href":"https:\/\/panilino.md\/ro\/wp-json\/wp\/v2\/product_cat?post=4292"},{"taxonomy":"product_tag","embeddable":true,"href":"https:\/\/panilino.md\/ro\/wp-json\/wp\/v2\/product_tag?post=4292"}],"curies":[{"name":"wp","href":"https:\/\/api.w.org\/{rel}","templated":true}]}}