{"id":4322,"date":"2025-12-30T14:17:59","date_gmt":"2025-12-30T14:17:59","guid":{"rendered":"https:\/\/panilino.md\/?post_type=product&#038;p=4322"},"modified":"2026-01-27T14:10:03","modified_gmt":"2026-01-27T14:10:03","slug":"caravai-bread-ring-3","status":"publish","type":"product","link":"https:\/\/panilino.md\/ro\/produs\/caravai-bread-ring-3\/","title":{"rendered":"Colac \"Caravai\""},"content":{"rendered":"","protected":false},"excerpt":{"rendered":"<p>Colac caravai \u2013 colac tradi\u021bional \u00eempletit, preg\u0103tit din aluat dospit pe baz\u0103 de f\u0103in\u0103, lapte, ou\u0103 \u0219i drojdie.<\/p>","protected":false},"featured_media":3706,"comment_status":"closed","ping_status":"closed","template":"","meta":[],"product_brand":[],"product_cat":[45],"product_tag":[],"class_list":{"0":"post-4322","1":"product","2":"type-product","3":"status-publish","4":"has-post-thumbnail","6":"product_cat-crumbly-products","8":"first","9":"instock","10":"shipping-taxable","11":"product-type-variable"},"_links":{"self":[{"href":"https:\/\/panilino.md\/ro\/wp-json\/wp\/v2\/product\/4322","targetHints":{"allow":["GET"]}}],"collection":[{"href":"https:\/\/panilino.md\/ro\/wp-json\/wp\/v2\/product"}],"about":[{"href":"https:\/\/panilino.md\/ro\/wp-json\/wp\/v2\/types\/product"}],"replies":[{"embeddable":true,"href":"https:\/\/panilino.md\/ro\/wp-json\/wp\/v2\/comments?post=4322"}],"wp:featuredmedia":[{"embeddable":true,"href":"https:\/\/panilino.md\/ro\/wp-json\/wp\/v2\/media\/3706"}],"wp:attachment":[{"href":"https:\/\/panilino.md\/ro\/wp-json\/wp\/v2\/media?parent=4322"}],"wp:term":[{"taxonomy":"product_brand","embeddable":true,"href":"https:\/\/panilino.md\/ro\/wp-json\/wp\/v2\/product_brand?post=4322"},{"taxonomy":"product_cat","embeddable":true,"href":"https:\/\/panilino.md\/ro\/wp-json\/wp\/v2\/product_cat?post=4322"},{"taxonomy":"product_tag","embeddable":true,"href":"https:\/\/panilino.md\/ro\/wp-json\/wp\/v2\/product_tag?post=4322"}],"curies":[{"name":"wp","href":"https:\/\/api.w.org\/{rel}","templated":true}]}}