{"id":3461,"date":"2025-09-27T03:04:46","date_gmt":"2025-09-27T03:04:46","guid":{"rendered":"https:\/\/panilino.md\/product\/tradiional-cu-viin-cake\/"},"modified":"2025-09-27T05:12:05","modified_gmt":"2025-09-27T05:12:05","slug":"tradiional-cu-viin-cake","status":"publish","type":"product","link":"https:\/\/panilino.md\/ru\/product\/tradiional-cu-viin-cake\/","title":{"rendered":"\u0422\u043e\u0440\u0442 \u201eTradi\u0163ional cu vi\u015fin\u0103\u201d"},"content":{"rendered":"","protected":false},"excerpt":{"rendered":"<p>\u041c\u0435\u0434\u043e\u0432\u044b\u0435 \u043a\u043e\u0440\u0436\u0438, \u0432\u0437\u0431\u0438\u0442\u044b\u0435 \u0441\u043b\u0438\u0432\u043a\u0438, \u0441\u043c\u0435\u0442\u0430\u043d\u0430 \u0438 \u0432\u0438\u0448\u043d\u044f.<\/p>","protected":false},"featured_media":3783,"comment_status":"closed","ping_status":"closed","template":"","meta":[],"product_brand":[],"product_cat":[15],"product_tag":[],"class_list":{"0":"post-3461","1":"product","2":"type-product","3":"status-publish","4":"has-post-thumbnail","6":"product_cat-cakes","8":"first","9":"instock","10":"shipping-taxable","11":"product-type-simple"},"_links":{"self":[{"href":"https:\/\/panilino.md\/ru\/wp-json\/wp\/v2\/product\/3461","targetHints":{"allow":["GET"]}}],"collection":[{"href":"https:\/\/panilino.md\/ru\/wp-json\/wp\/v2\/product"}],"about":[{"href":"https:\/\/panilino.md\/ru\/wp-json\/wp\/v2\/types\/product"}],"replies":[{"embeddable":true,"href":"https:\/\/panilino.md\/ru\/wp-json\/wp\/v2\/comments?post=3461"}],"wp:featuredmedia":[{"embeddable":true,"href":"https:\/\/panilino.md\/ru\/wp-json\/wp\/v2\/media\/3783"}],"wp:attachment":[{"href":"https:\/\/panilino.md\/ru\/wp-json\/wp\/v2\/media?parent=3461"}],"wp:term":[{"taxonomy":"product_brand","embeddable":true,"href":"https:\/\/panilino.md\/ru\/wp-json\/wp\/v2\/product_brand?post=3461"},{"taxonomy":"product_cat","embeddable":true,"href":"https:\/\/panilino.md\/ru\/wp-json\/wp\/v2\/product_cat?post=3461"},{"taxonomy":"product_tag","embeddable":true,"href":"https:\/\/panilino.md\/ru\/wp-json\/wp\/v2\/product_tag?post=3461"}],"curies":[{"name":"wp","href":"https:\/\/api.w.org\/{rel}","templated":true}]}}